{"id":31095,"date":"2024-05-15T14:17:48","date_gmt":"2024-05-15T12:17:48","guid":{"rendered":"https:\/\/big-brokers-health.com\/staging?page_id=31095"},"modified":"2026-01-13T12:59:37","modified_gmt":"2026-01-13T11:59:37","slug":"politica-de-cookies","status":"publish","type":"page","link":"https:\/\/big-brokers-health.com\/es\/politica-de-cookies\/","title":{"rendered":"Cookie policy"},"content":{"rendered":"[vc_row type=\u00bbfull_width_background\u00bb full_screen_row_position=\u00bbmiddle\u00bb column_margin=\u00bbdefault\u00bb column_direction=\u00bbdefault\u00bb column_direction_tablet=\u00bbdefault\u00bb column_direction_phone=\u00bbdefault\u00bb bg_image=\u00bb31683&#8243; bg_position=\u00bbcenter center\u00bb background_image_loading=\u00bbdefault\u00bb bg_repeat=\u00bbno-repeat\u00bb scene_position=\u00bbcenter\u00bb top_padding=\u00bb70&#8243; bottom_padding=\u00bb70&#8243; text_color=\u00bbdark\u00bb text_align=\u00bbleft\u00bb row_border_radius=\u00bbnone\u00bb row_border_radius_applies=\u00bbbg\u00bb overflow=\u00bbvisible\u00bb color_overlay=\u00bb#000000&#8243; advanced_gradient_angle=\u00bb0&#8243; overlay_strength=\u00bb0.5&#8243; gradient_direction=\u00bbleft_to_right\u00bb shape_divider_position=\u00bbbottom\u00bb bg_image_animation=\u00bbnone\u00bb gradient_type=\u00bbdefault\u00bb shape_type=\u00bb\u00bb][vc_column column_padding=\u00bbno-extra-padding\u00bb column_padding_tablet=\u00bbinherit\u00bb column_padding_phone=\u00bbinherit\u00bb column_padding_position=\u00bball\u00bb column_element_spacing=\u00bbdefault\u00bb background_color_opacity=\u00bb1&#8243; background_hover_color_opacity=\u00bb1&#8243; column_shadow=\u00bbnone\u00bb column_border_radius=\u00bbnone\u00bb column_link_target=\u00bb_self\u00bb column_position=\u00bbdefault\u00bb gradient_direction=\u00bbleft_to_right\u00bb overlay_strength=\u00bb0.3&#8243; width=\u00bb1\/1&#8243; tablet_width_inherit=\u00bbdefault\u00bb tablet_text_alignment=\u00bbdefault\u00bb phone_text_alignment=\u00bbdefault\u00bb animation_type=\u00bbdefault\u00bb bg_image_animation=\u00bbnone\u00bb border_type=\u00bbsimple\u00bb column_border_width=\u00bbnone\u00bb column_border_style=\u00bbsolid\u00bb][vc_row_inner column_margin=\u00bbdefault\u00bb column_direction=\u00bbdefault\u00bb column_direction_tablet=\u00bbdefault\u00bb column_direction_phone=\u00bbdefault\u00bb text_align=\u00bbleft\u00bb row_position=\u00bbdefault\u00bb row_position_tablet=\u00bbinherit\u00bb row_position_phone=\u00bbinherit\u00bb overflow=\u00bbvisible\u00bb pointer_events=\u00bball\u00bb][vc_column_inner column_padding=\u00bbno-extra-padding\u00bb column_padding_tablet=\u00bbinherit\u00bb column_padding_phone=\u00bbinherit\u00bb column_padding_position=\u00bball\u00bb column_element_spacing=\u00bbdefault\u00bb background_color_opacity=\u00bb1&#8243; background_hover_color_opacity=\u00bb1&#8243; column_shadow=\u00bbnone\u00bb column_border_radius=\u00bbnone\u00bb column_link_target=\u00bb_self\u00bb gradient_direction=\u00bbleft_to_right\u00bb overlay_strength=\u00bb0.3&#8243; width=\u00bb1\/1&#8243; tablet_width_inherit=\u00bbdefault\u00bb animation_type=\u00bbdefault\u00bb bg_image_animation=\u00bbnone\u00bb border_type=\u00bbsimple\u00bb column_border_width=\u00bbnone\u00bb column_border_style=\u00bbsolid\u00bb][split_line_heading animation_type=\u00bbline-reveal-by-space\u00bb font_style=\u00bbh1&#8243; line_reveal_by_space_text_effect=\u00bbdefault\u00bb content_alignment=\u00bbdefault\u00bb mobile_content_alignment=\u00bbinherit\u00bb link_target=\u00bb_self\u00bb][\/split_line_heading][split_line_heading animation_type=\u00bbline-reveal-by-space\u00bb font_style=\u00bbh2&#8243; text_color=\u00bb#ffffff\u00bb line_reveal_by_space_text_effect=\u00bbdefault\u00bb content_alignment=\u00bbdefault\u00bb mobile_content_alignment=\u00bbinherit\u00bb link_target=\u00bb_self\u00bb text_content=\u00bbInformaci\u00f3n ampliada sobre el uso de cookies.\u00bb][\/split_line_heading][\/vc_column_inner][\/vc_row_inner][\/vc_column][\/vc_row][vc_row type=\u00bbin_container\u00bb full_screen_row_position=\u00bbmiddle\u00bb column_margin=\u00bbdefault\u00bb column_direction=\u00bbdefault\u00bb column_direction_tablet=\u00bbdefault\u00bb column_direction_phone=\u00bbdefault\u00bb scene_position=\u00bbcenter\u00bb text_color=\u00bbdark\u00bb text_align=\u00bbleft\u00bb row_border_radius=\u00bbnone\u00bb row_border_radius_applies=\u00bbbg\u00bb overflow=\u00bbvisible\u00bb overlay_strength=\u00bb0.3&#8243; gradient_direction=\u00bbleft_to_right\u00bb shape_divider_position=\u00bbbottom\u00bb bg_image_animation=\u00bbnone\u00bb][vc_column column_padding=\u00bbno-extra-padding\u00bb column_padding_tablet=\u00bbinherit\u00bb column_padding_phone=\u00bbinherit\u00bb column_padding_position=\u00bball\u00bb column_element_spacing=\u00bbdefault\u00bb background_color_opacity=\u00bb1&#8243; background_hover_color_opacity=\u00bb1&#8243; column_shadow=\u00bbnone\u00bb column_border_radius=\u00bbnone\u00bb column_link_target=\u00bb_self\u00bb column_position=\u00bbdefault\u00bb gradient_direction=\u00bbleft_to_right\u00bb overlay_strength=\u00bb0.3&#8243; width=\u00bb1\/1&#8243; tablet_width_inherit=\u00bbdefault\u00bb tablet_text_alignment=\u00bbdefault\u00bb phone_text_alignment=\u00bbdefault\u00bb animation_type=\u00bbdefault\u00bb bg_image_animation=\u00bbnone\u00bb border_type=\u00bbsimple\u00bb column_border_width=\u00bbnone\u00bb column_border_style=\u00bbsolid\u00bb][vc_column_text]<strong>INTRODUCCI\u00d3N<\/strong><\/p>\n<p>Esta pol\u00edtica de cookies se ha elaborado para el sitio <a href=\"https:\/\/big-brokers-health.com\/en\/\">https:\/\/big-brokers-health.com\/<\/a> (<strong>Sitio<\/strong>). El documento se redacta teniendo en cuenta lo dispuesto en el Reglamento Europeo 679\/2016 sobre la protecci\u00f3n de datos personales (<strong>RGPD<\/strong>), el C\u00f3digo de Privacidad (Decreto Legislativo n.\u00ba 196, de 30 de junio de 2003) y las Directrices del Garante de Privacidad (en particular, las Directrices sobre el uso de cookies emitidas el 10 de julio de 2021).<\/p>\n<p><strong>Responsable del tratamiento<\/strong>: BIG Insurance Brokers Suisse SA &#8211; P. IVA \/ VAT No. SZIDICHE115282954IVA &#8211; Corso Elvezia, 10 Lugano 6901 Swiss &#8211; E-mail: info@big-brokers-health.com<\/p>\n<p>&nbsp;<\/p>\n<p><strong>INFORMACI\u00d3N GENERAL<\/strong><\/p>\n<h4><strong>Qu\u00e9 son las cookies<\/strong><\/h4>\n<p>Una cookie es un archivo de texto que un sitio web visitado por el usuario env\u00eda a su terminal (ordenador, dispositivo m\u00f3vil como smartphones o tabletas), donde se almacena y posteriormente se transmite a dicho sitio en una visita posterior al mismo.<\/p>\n<p>Las cookies se distinguen<\/p>\n<ul>\n<li>en funci\u00f3n del sujeto que las instala, seg\u00fan se trate del mismo gestor del sitio visitado (las denominadas \u00abcookies de primera parte\u00bb) o de un sujeto distinto (las denominadas \u00abcookies de terceros\u00bb);<\/li>\n<li>seg\u00fan la finalidad de cada cookie: algunas cookies permiten una mejor navegaci\u00f3n, almacenando algunas de las elecciones del usuario, como el idioma (las denominadas \u00abcookies t\u00e9cnicas\u00bb); otras cookies permiten monitorizar la navegaci\u00f3n del usuario tambi\u00e9n con el fin de enviar publicidad y\/o ofrecer servicios acordes con sus preferencias (las denominadas \u00abcookies de elaboraci\u00f3n de perfiles\u00bb).<\/li>\n<\/ul>\n<p>Solo las cookies de elaboraci\u00f3n de perfiles requieren el consentimiento previo del usuario para su uso.<\/p>\n<p>El Responsable del tratamiento solo es responsable de las cookies de primera parte instaladas en el Sitio.<\/p>\n<p>En la secci\u00f3n \u00ab<strong>Cookies t\u00e9cnicas de primera parte<\/strong>\u00bb puede consultar los tipos de cookies t\u00e9cnicas de primera parte configuradas por el Sitio.<\/p>\n<p>La gesti\u00f3n de las cookies de elaboraci\u00f3n de perfiles se describe en la secci\u00f3n \u00ab<strong>Cookies de elaboraci\u00f3n de perfiles de terceros<\/strong>\u00bb, cuando exista. Si esta secci\u00f3n no est\u00e1 presente, significa que el Sitio no configura cookies de elaboraci\u00f3n de perfiles. Si el Sitio configura cookies de elaboraci\u00f3n de perfiles, puede expresar y modificar su consentimiento para el uso de estas cookies mediante las opciones indicadas en el denominado \u00abbanner de cookies\u00bb (el banner que aparece cuando accede por primera vez al Sitio). En cualquier caso, tambi\u00e9n puede habilitar\/deshabilitar las cookies a trav\u00e9s de las opciones de su navegador:<\/p>\n<p>&nbsp;<\/p>\n<p><strong>Internet Explorer<\/strong><\/p>\n<p>Haga clic en el men\u00fa <strong>Herramientas<\/strong>, luego en <strong>Opciones<\/strong> de <strong>Internet<\/strong>.<\/p>\n<p>Haga clic en <strong>Privacidad<\/strong> y luego en <strong>Avanzada<\/strong>.<\/p>\n<p>En la ventana <strong>Cookies<\/strong>, seleccione sus preferencias.<\/p>\n<p>&nbsp;<\/p>\n<p><strong>Google Chrome<\/strong><\/p>\n<p><strong>Haga clic en el men\u00fa de Chrome<\/strong>.<\/p>\n<p>Seleccione <strong>Configuraci\u00f3n<\/strong> y luego haga clic en <strong>Avanzada<\/strong>.<\/p>\n<p>En la secci\u00f3n <strong>Privacidad y seguridad<\/strong>, haga clic en el bot\u00f3n <strong>Configuraci\u00f3n de contenido<\/strong>.<\/p>\n<p>Seleccione sus opciones preferidas en la secci\u00f3n <strong>Cookies<\/strong>.<\/p>\n<p>&nbsp;<\/p>\n<p><strong>Firefox<\/strong><\/p>\n<p>Haga clic en <strong>Herramientas<\/strong> y luego en el men\u00fa <strong>Opciones<\/strong>.<\/p>\n<p>Haga clic en la configuraci\u00f3n de <strong>Privacidad y seguridad<\/strong>.<\/p>\n<p>Seleccione <strong>Usar una configuraci\u00f3n personalizada para el historial<\/strong>.<\/p>\n<p>Seleccione sus opciones preferidas en la secci\u00f3n <strong>Aceptar cookies y datos de sitios web<\/strong>.<\/p>\n<p>&nbsp;<\/p>\n<p><strong>Safari<\/strong><\/p>\n<p>Haga clic en <strong>Safari<\/strong> y luego en <strong>Preferencias<\/strong>.<\/p>\n<p>Haga clic en la secci\u00f3n <strong>Privacidad y seguridad<\/strong>.<\/p>\n<p>Vaya a <strong>Bloquear cookies<\/strong> y seleccione sus opciones preferidas.<\/p>\n<p>&nbsp;<\/p>\n<p>Para obtener m\u00e1s informaci\u00f3n sobre los servicios de Google que se enumeran en la tabla siguiente, haga clic en el enlace: <a href=\"https:\/\/policies.google.com\/technologies\/partner-sites\" target=\"__blank\" rel=\"noopener\">https:\/\/policies.google.com\/technologies\/partner-sites<\/a><\/p>\n<section><strong>Cookies necesarias<\/strong> El Sitio utiliza cookies de primera parte y cookies t\u00e9cnicas necesarias para su correcto funcionamiento. No es posible denegar la instalaci\u00f3n de estas cookies.<\/section>\n<p>&nbsp;<\/p>\n<section><strong>Cookies estad\u00edsticas de terceros<\/strong> El Sitio utiliza cookies estad\u00edsticas para monitorizar las visitas al Sitio.<\/p>\n<table>\n<thead>\n<tr>\n<th>Nombre<\/th>\n<th>Proveedor<\/th>\n<th>Descripci\u00f3n<\/th>\n<th>Duraci\u00f3n<\/th>\n<th>Pol\u00edtica de privacidad<\/th>\n<th>Formulario de consentimiento<\/th>\n<th>googleServicesEnabled<\/th>\n<\/tr>\n<\/thead>\n<tbody>\n<tr>\n<td>Google Analytics 4<\/td>\n<td>Google LLC.<\/td>\n<td>Permite la prestaci\u00f3n de servicios estad\u00edsticos de elaboraci\u00f3n de perfiles ofrecidos por Google.<\/td>\n<td>14 meses<\/td>\n<td><a href=\"https:\/\/support.google.com\/analytics\/answer\/12017362?hl=it\">https:\/\/support.google.com\/analytics\/answer\/12017362?hl=it<\/a><\/td>\n<td>Formulario de consentimiento no disponible. Use las opciones del navegador.<\/td>\n<td>true<\/td>\n<\/tr>\n<tr>\n<td>Google Tag Manager<\/td>\n<td>Google LLC.<\/td>\n<td>Permite los servicios de Google Tag Manager.<\/td>\n<td>90 d\u00edas<\/td>\n<td><a href=\"https:\/\/policies.google.com\/privacy?hl=it\">https:\/\/policies.google.com\/privacy?hl=it<\/a><\/td>\n<td>Formulario de consentimiento no disponible. Puede usar la configuraci\u00f3n de su navegador para ejercer sus opciones sobre esta cookie.<\/td>\n<td>true<\/td>\n<\/tr>\n<\/tbody>\n<\/table>\n<\/section>\n<p>&nbsp;<\/p>\n<div>\n<p><strong>Derechos del usuario<\/strong><\/p>\n<p>De conformidad con el art\u00edculo 13 del RGPD, el Responsable del tratamiento le informa de que usted tiene derecho a:<\/p>\n<ul>\n<li>solicitar al Responsable del tratamiento el acceso a sus datos personales y la rectificaci\u00f3n o supresi\u00f3n de los mismos, o la limitaci\u00f3n del tratamiento que le concierna, u oponerse a su tratamiento, adem\u00e1s del derecho a la portabilidad de los datos;<\/li>\n<li>retirar el consentimiento en cualquier momento, sin que ello afecte a la licitud del tratamiento basado en el consentimiento prestado antes de su retirada;<\/li>\n<li>presentar una reclamaci\u00f3n ante una autoridad de control (por ejemplo, la Autoridad Italiana de Protecci\u00f3n de Datos).<\/li>\n<\/ul>\n<p>Los derechos mencionados anteriormente pueden ejercerse mediante una solicitud sin formalidades a los contactos indicados en la Introducci\u00f3n.<\/p>\n<\/div>\n[\/vc_column_text][\/vc_column][\/vc_row]\n","protected":false},"excerpt":{"rendered":"<p>[vc_row type=\u00bbfull_width_background\u00bb full_screen_row_position=\u00bbmiddle\u00bb column_margin=\u00bbdefault\u00bb column_direction=\u00bbdefault\u00bb column_direction_tablet=\u00bbdefault\u00bb column_direction_phone=\u00bbdefault\u00bb bg_image=\u00bb31683&#8243; bg_position=\u00bbcenter center\u00bb background_image_loading=\u00bbdefault\u00bb bg_repeat=\u00bbno-repeat\u00bb scene_position=\u00bbcenter\u00bb top_padding=\u00bb70&#8243; bottom_padding=\u00bb70&#8243; text_color=\u00bbdark\u00bb text_align=\u00bbleft\u00bb row_border_radius=\u00bbnone\u00bb row_border_radius_applies=\u00bbbg\u00bb overflow=\u00bbvisible\u00bb color_overlay=\u00bb#000000&#8243; advanced_gradient_angle=\u00bb0&#8243; overlay_strength=\u00bb0.5&#8243; gradient_direction=\u00bbleft_to_right\u00bb shape_divider_position=\u00bbbottom\u00bb bg_image_animation=\u00bbnone\u00bb gradient_type=\u00bbdefault\u00bb shape_type=\u00bb\u00bb][vc_column column_padding=\u00bbno-extra-padding\u00bb column_padding_tablet=\u00bbinherit\u00bb&#8230;<\/p>\n","protected":false},"author":3,"featured_media":0,"parent":0,"menu_order":0,"comment_status":"closed","ping_status":"closed","template":"","meta":{"content-type":"","footnotes":""},"class_list":["post-31095","page","type-page","status-publish"],"_links":{"self":[{"href":"https:\/\/big-brokers-health.com\/es\/wp-json\/wp\/v2\/pages\/31095","targetHints":{"allow":["GET"]}}],"collection":[{"href":"https:\/\/big-brokers-health.com\/es\/wp-json\/wp\/v2\/pages"}],"about":[{"href":"https:\/\/big-brokers-health.com\/es\/wp-json\/wp\/v2\/types\/page"}],"author":[{"embeddable":true,"href":"https:\/\/big-brokers-health.com\/es\/wp-json\/wp\/v2\/users\/3"}],"replies":[{"embeddable":true,"href":"https:\/\/big-brokers-health.com\/es\/wp-json\/wp\/v2\/comments?post=31095"}],"version-history":[{"count":3,"href":"https:\/\/big-brokers-health.com\/es\/wp-json\/wp\/v2\/pages\/31095\/revisions"}],"predecessor-version":[{"id":31687,"href":"https:\/\/big-brokers-health.com\/es\/wp-json\/wp\/v2\/pages\/31095\/revisions\/31687"}],"wp:attachment":[{"href":"https:\/\/big-brokers-health.com\/es\/wp-json\/wp\/v2\/media?parent=31095"}],"curies":[{"name":"wp","href":"https:\/\/api.w.org\/{rel}","templated":true}]}}